{"id":2,"date":"2016-11-18T12:20:18","date_gmt":"2016-11-18T12:20:18","guid":{"rendered":"http:\/\/www.kosarka-miklavz.si\/wp\/?page_id=2"},"modified":"2016-11-23T09:56:59","modified_gmt":"2016-11-23T08:56:59","slug":"sample-page","status":"publish","type":"page","link":"http:\/\/www.kosarka-miklavz.si\/wp\/?page_id=2","title":{"rendered":"O nas"},"content":{"rendered":"<p>Ko\u0161arkarska \u0161ola je v Miklav\u017eu odprla svoja vrata leta 2008, sprva smo delovali zgolj kot interesna dejavnost v osnovni \u0161oli, leto pozneje pa smo v Miklav\u017eu ustanovili doma\u010de \u0161portno dru\u0161tvo. Julija, leta 2009 je bilo ustanovljeno \u0160portno dru\u0161tvo, ko\u0161arkarska \u0161ola Miklav\u017e.<\/p>\n<p>V dru\u0161tvu trenira blizu devetdeset vrt\u010devskih, osnovno\u0161olskih in srednje\u0161olski otrok, tako fantov kot tudi deklic iz Miklav\u017ea in okolice. Imamo kar \u0161est tekmovalnih selekcij: U9, U11, U13, U15, U17 in U19 ki tekmujejo v tekmovanjih pod okriljem KZS, raznih internih ligah, udele\u017eujemo pa se tudi razli\u010dnih turnirjev tako v Sloveniji kot v tujini.<\/p>\n<p>S fanti vadijo \u0161tirje trenerji, treningi pa potekajo na treh osnovnih \u0161olah. Treniramo v Miklav\u017eu, Star\u0161ah ter na O\u0160 bratov Polan\u010di\u010dev v Mariboru.<\/p>\n<p>Ko\u0161arkarska \u0161ola je v tekmovalni sezoni 2013\/14 prejela nagrado za ko\u0161arkarski klub, ki je v sezoni napravil najve\u010dji napredek in od Ko\u0161arkarske zveze Slovenije tudi prejela nagrado!<\/p>\n<p>Za na\u0161 najve\u010dji uspeh pa \u0161tejemo 2. mesto v dr\u017eavnem prvenstvu osnovnih \u0161ol \u2013 Ko\u0161arkarski Super\u0161olar, ki ga je dosegla ekipa starej\u0161ih de\u010dkov iz O\u0160 Miklav\u017e na Dravskem polju v sezoni 2015\/16.<\/p>\n<p>V na\u0161i \u0161oli se trudimo, da bi vzgajali nove generacije ko\u0161arkarjev in v ta del Slovenije prinesli kvalitetno ko\u0161arko ter mladim omogo\u010dili zdravo pre\u017eivljanje prostega \u010dasa in dru\u017eenje z vrstniki.<\/p>\n","protected":false},"excerpt":{"rendered":"<p>Ko\u0161arkarska \u0161ola je v Miklav\u017eu odprla svoja vrata leta 2008, sprva smo delovali zgolj kot interesna dejavnost v osnovni \u0161oli, leto pozneje pa smo v Miklav\u017eu ustanovili doma\u010de \u0161portno dru\u0161tvo. Julija, leta 2009 je bilo ustanovljeno \u0160portno dru\u0161tvo, ko\u0161arkarska \u0161ola Miklav\u017e. V dru\u0161tvu trenira blizu devetdeset vrt\u010devskih, osnovno\u0161olskih in srednje\u0161olski otrok, tako fantov kot tudi &hellip; <\/p>\n","protected":false},"author":1,"featured_media":0,"parent":0,"menu_order":0,"comment_status":"closed","ping_status":"open","template":"","meta":{"footnotes":""},"class_list":["post-2","page","type-page","status-publish","hentry","latest_post"],"_links":{"self":[{"href":"http:\/\/www.kosarka-miklavz.si\/wp\/index.php?rest_route=\/wp\/v2\/pages\/2","targetHints":{"allow":["GET"]}}],"collection":[{"href":"http:\/\/www.kosarka-miklavz.si\/wp\/index.php?rest_route=\/wp\/v2\/pages"}],"about":[{"href":"http:\/\/www.kosarka-miklavz.si\/wp\/index.php?rest_route=\/wp\/v2\/types\/page"}],"author":[{"embeddable":true,"href":"http:\/\/www.kosarka-miklavz.si\/wp\/index.php?rest_route=\/wp\/v2\/users\/1"}],"replies":[{"embeddable":true,"href":"http:\/\/www.kosarka-miklavz.si\/wp\/index.php?rest_route=%2Fwp%2Fv2%2Fcomments&post=2"}],"version-history":[{"count":2,"href":"http:\/\/www.kosarka-miklavz.si\/wp\/index.php?rest_route=\/wp\/v2\/pages\/2\/revisions"}],"predecessor-version":[{"id":75,"href":"http:\/\/www.kosarka-miklavz.si\/wp\/index.php?rest_route=\/wp\/v2\/pages\/2\/revisions\/75"}],"wp:attachment":[{"href":"http:\/\/www.kosarka-miklavz.si\/wp\/index.php?rest_route=%2Fwp%2Fv2%2Fmedia&parent=2"}],"curies":[{"name":"wp","href":"https:\/\/api.w.org\/{rel}","templated":true}]}}